{"id":165,"date":"2022-06-07T08:32:53","date_gmt":"2022-06-07T08:32:53","guid":{"rendered":"https:\/\/dina-untersee.ch\/wordpress\/?page_id=165"},"modified":"2026-02-14T18:20:39","modified_gmt":"2026-02-14T18:20:39","slug":"gutscheine","status":"publish","type":"page","link":"https:\/\/dina-untersee.ch\/wp\/angebote-infos-hundefotografie\/gutscheine\/","title":{"rendered":"Gutscheine"},"content":{"rendered":"\n<p>Du bist auf der Suche nach einem passenden Geschenk f\u00fcr einen Hundefreund? Selbstverst\u00e4ndlich erh\u00e4lst du bei mir Gutscheine f\u00fcr ein Hunde-PhotoShooting oder einen bestimmten Wert deiner Wahl.<\/p>\n\n\n\n<p>Ich freue mich auf deine Anfrage.<\/p>\n\n\n\n<div class=\"wp-block-ive-ibtana-visual-editorbtn btn-inner-wrap ive-btn-main-parent_7892e9-2c\"><div class=\"ive-btn-wrap ive-btn-unique_7892e9-2c undefined ive-btn-wrap-0 ive-btn-align  text-center text-sm-center text-lg-center text-xl-center \"><a class=\"anchrstyle ive-button-ad_7892e9-2c ive-button-0 ive-btn-0-action ive-btn-svg-showalways ive-btn-has-text-true\" href=\"https:\/\/dina-untersee.ch\/wp\/kontakt\/\" target=\"_self\" rel=\"noreferrer noopener\"><span class=\"ive-btn-inner-text\">F\u00fclle hier das Kontaktformular aus<\/span><\/a><\/div><\/div>\n","protected":false},"excerpt":{"rendered":"<p>Du bist auf der Suche nach einem passenden Geschenk f\u00fcr einen Hundefreund? Selbstverst\u00e4ndlich erh\u00e4lst du bei mir Gutscheine f\u00fcr ein Hunde-PhotoShooting oder einen bestimmten Wert deiner Wahl. Ich freue mich<\/p>\n<p class=\"more-link\"><a href=\"https:\/\/dina-untersee.ch\/wp\/angebote-infos-hundefotografie\/gutscheine\/\" class=\"readmore\">Continue reading&#8230;<span class=\"screen-reader-text\">Gutscheine<\/span><\/a><\/p>\n","protected":false},"author":2,"featured_media":0,"parent":45,"menu_order":2,"comment_status":"closed","ping_status":"closed","template":"","meta":{"_regular_price":[],"currency_symbol":[],"footnotes":""},"class_list":["post-165","page","type-page","status-publish","hentry"],"post_slider_layout_featured_media_urls":{"thumbnail":"","post_slider_layout_landscape_large":"","post_slider_layout_portrait_large":"","post_slider_layout_square_large":"","post_slider_layout_landscape":"","post_slider_layout_portrait":"","post_slider_layout_square":"","full":""},"yoast_head":"<!-- This site is optimized with the Yoast SEO plugin v27.5 - https:\/\/yoast.com\/product\/yoast-seo-wordpress\/ -->\n<title>Hundefotoshooting Schweiz | Gutscheine<\/title>\n<meta name=\"description\" content=\"Angebote f\u00fcr Hundefotografie in der Schweiz \u2013 von alpinen Bildwelten bis zu Charakterportraits. Infos zu Ablauf, Preisen und Buchung.\" \/>\n<meta name=\"robots\" content=\"index, follow, max-snippet:-1, max-image-preview:large, max-video-preview:-1\" \/>\n<link rel=\"canonical\" href=\"https:\/\/dina-untersee.ch\/wp\/angebote-infos-hundefotografie\/gutscheine\/\" \/>\n<meta property=\"og:locale\" content=\"de_DE\" \/>\n<meta property=\"og:type\" content=\"article\" \/>\n<meta property=\"og:title\" content=\"Hundefotoshooting Schweiz | Gutscheine\" \/>\n<meta property=\"og:description\" content=\"Angebote f\u00fcr Hundefotografie in der Schweiz \u2013 von alpinen Bildwelten bis zu Charakterportraits. Infos zu Ablauf, Preisen und Buchung.\" \/>\n<meta property=\"og:url\" content=\"https:\/\/dina-untersee.ch\/wp\/angebote-infos-hundefotografie\/gutscheine\/\" \/>\n<meta property=\"og:site_name\" content=\"Hundefotografie Schweiz | Dina Untersee Photography | Ausdrucksstarke Hundefotografie in der Schweiz\" \/>\n<meta property=\"article:publisher\" content=\"https:\/\/www.facebook.com\/profile.php?id=100082437108451\" \/>\n<meta property=\"article:modified_time\" content=\"2026-02-14T18:20:39+00:00\" \/>\n<meta name=\"twitter:card\" content=\"summary_large_image\" \/>\n<meta name=\"twitter:label1\" content=\"Gesch\u00e4tzte Lesezeit\" \/>\n\t<meta name=\"twitter:data1\" content=\"1\u00a0Minute\" \/>\n<script type=\"application\/ld+json\" class=\"yoast-schema-graph\">{\"@context\":\"https:\\\/\\\/schema.org\",\"@graph\":[{\"@type\":\"WebPage\",\"@id\":\"https:\\\/\\\/dina-untersee.ch\\\/wp\\\/angebote-infos-hundefotografie\\\/gutscheine\\\/\",\"url\":\"https:\\\/\\\/dina-untersee.ch\\\/wp\\\/angebote-infos-hundefotografie\\\/gutscheine\\\/\",\"name\":\"Hundefotoshooting Schweiz | Gutscheine\",\"isPartOf\":{\"@id\":\"https:\\\/\\\/dina-untersee.ch\\\/wp\\\/#website\"},\"datePublished\":\"2022-06-07T08:32:53+00:00\",\"dateModified\":\"2026-02-14T18:20:39+00:00\",\"description\":\"Angebote f\u00fcr Hundefotografie in der Schweiz \u2013 von alpinen Bildwelten bis zu Charakterportraits. Infos zu Ablauf, Preisen und Buchung.\",\"breadcrumb\":{\"@id\":\"https:\\\/\\\/dina-untersee.ch\\\/wp\\\/angebote-infos-hundefotografie\\\/gutscheine\\\/#breadcrumb\"},\"inLanguage\":\"de-CH\",\"potentialAction\":[{\"@type\":\"ReadAction\",\"target\":[\"https:\\\/\\\/dina-untersee.ch\\\/wp\\\/angebote-infos-hundefotografie\\\/gutscheine\\\/\"]}]},{\"@type\":\"BreadcrumbList\",\"@id\":\"https:\\\/\\\/dina-untersee.ch\\\/wp\\\/angebote-infos-hundefotografie\\\/gutscheine\\\/#breadcrumb\",\"itemListElement\":[{\"@type\":\"ListItem\",\"position\":1,\"name\":\"Startseite\",\"item\":\"https:\\\/\\\/dina-untersee.ch\\\/wp\\\/\"},{\"@type\":\"ListItem\",\"position\":2,\"name\":\"Angebote\",\"item\":\"https:\\\/\\\/dina-untersee.ch\\\/wp\\\/angebote-infos-hundefotografie\\\/\"},{\"@type\":\"ListItem\",\"position\":3,\"name\":\"Gutscheine\"}]},{\"@type\":\"WebSite\",\"@id\":\"https:\\\/\\\/dina-untersee.ch\\\/wp\\\/#website\",\"url\":\"https:\\\/\\\/dina-untersee.ch\\\/wp\\\/\",\"name\":\"Hundefotografie Schweiz | Dina Untersee Photography | Ausdrucksstarke Hundefotografie in der Schweiz\",\"description\":\"Emotionale Hundefotografie in der Schweiz. Mein Name ist Dina und ich bin Hundefotografin im St. Galler Rheintal. Ich halte deinen Hund in einzigartigen Bildern f\u00fcr die Ewigkeit fest.\",\"publisher\":{\"@id\":\"https:\\\/\\\/dina-untersee.ch\\\/wp\\\/#\\\/schema\\\/person\\\/ba75bd38be6d756b47f6f817188e995e\"},\"potentialAction\":[{\"@type\":\"SearchAction\",\"target\":{\"@type\":\"EntryPoint\",\"urlTemplate\":\"https:\\\/\\\/dina-untersee.ch\\\/wp\\\/?s={search_term_string}\"},\"query-input\":{\"@type\":\"PropertyValueSpecification\",\"valueRequired\":true,\"valueName\":\"search_term_string\"}}],\"inLanguage\":\"de-CH\"},{\"@type\":[\"Person\",\"Organization\"],\"@id\":\"https:\\\/\\\/dina-untersee.ch\\\/wp\\\/#\\\/schema\\\/person\\\/ba75bd38be6d756b47f6f817188e995e\",\"name\":\"Dina Untersee\",\"image\":{\"@type\":\"ImageObject\",\"inLanguage\":\"de-CH\",\"@id\":\"https:\\\/\\\/dina-untersee.ch\\\/wp\\\/wp-content\\\/uploads\\\/2022\\\/06\\\/cropped-Websitelogoweiss.png\",\"url\":\"https:\\\/\\\/dina-untersee.ch\\\/wp\\\/wp-content\\\/uploads\\\/2022\\\/06\\\/cropped-Websitelogoweiss.png\",\"contentUrl\":\"https:\\\/\\\/dina-untersee.ch\\\/wp\\\/wp-content\\\/uploads\\\/2022\\\/06\\\/cropped-Websitelogoweiss.png\",\"width\":250,\"height\":250,\"caption\":\"Dina Untersee\"},\"logo\":{\"@id\":\"https:\\\/\\\/dina-untersee.ch\\\/wp\\\/wp-content\\\/uploads\\\/2022\\\/06\\\/cropped-Websitelogoweiss.png\"},\"sameAs\":[\"http:\\\/\\\/dina-untersee.ch\",\"https:\\\/\\\/www.facebook.com\\\/profile.php?id=100082437108451\",\"https:\\\/\\\/www.instagram.com\\\/billabong_stars\\\/\"]}]}<\/script>\n<!-- \/ Yoast SEO plugin. -->","yoast_head_json":{"title":"Hundefotoshooting Schweiz | Gutscheine","description":"Angebote f\u00fcr Hundefotografie in der Schweiz \u2013 von alpinen Bildwelten bis zu Charakterportraits. Infos zu Ablauf, Preisen und Buchung.","robots":{"index":"index","follow":"follow","max-snippet":"max-snippet:-1","max-image-preview":"max-image-preview:large","max-video-preview":"max-video-preview:-1"},"canonical":"https:\/\/dina-untersee.ch\/wp\/angebote-infos-hundefotografie\/gutscheine\/","og_locale":"de_DE","og_type":"article","og_title":"Hundefotoshooting Schweiz | Gutscheine","og_description":"Angebote f\u00fcr Hundefotografie in der Schweiz \u2013 von alpinen Bildwelten bis zu Charakterportraits. Infos zu Ablauf, Preisen und Buchung.","og_url":"https:\/\/dina-untersee.ch\/wp\/angebote-infos-hundefotografie\/gutscheine\/","og_site_name":"Hundefotografie Schweiz | Dina Untersee Photography | Ausdrucksstarke Hundefotografie in der Schweiz","article_publisher":"https:\/\/www.facebook.com\/profile.php?id=100082437108451","article_modified_time":"2026-02-14T18:20:39+00:00","twitter_card":"summary_large_image","twitter_misc":{"Gesch\u00e4tzte Lesezeit":"1\u00a0Minute"},"schema":{"@context":"https:\/\/schema.org","@graph":[{"@type":"WebPage","@id":"https:\/\/dina-untersee.ch\/wp\/angebote-infos-hundefotografie\/gutscheine\/","url":"https:\/\/dina-untersee.ch\/wp\/angebote-infos-hundefotografie\/gutscheine\/","name":"Hundefotoshooting Schweiz | Gutscheine","isPartOf":{"@id":"https:\/\/dina-untersee.ch\/wp\/#website"},"datePublished":"2022-06-07T08:32:53+00:00","dateModified":"2026-02-14T18:20:39+00:00","description":"Angebote f\u00fcr Hundefotografie in der Schweiz \u2013 von alpinen Bildwelten bis zu Charakterportraits. Infos zu Ablauf, Preisen und Buchung.","breadcrumb":{"@id":"https:\/\/dina-untersee.ch\/wp\/angebote-infos-hundefotografie\/gutscheine\/#breadcrumb"},"inLanguage":"de-CH","potentialAction":[{"@type":"ReadAction","target":["https:\/\/dina-untersee.ch\/wp\/angebote-infos-hundefotografie\/gutscheine\/"]}]},{"@type":"BreadcrumbList","@id":"https:\/\/dina-untersee.ch\/wp\/angebote-infos-hundefotografie\/gutscheine\/#breadcrumb","itemListElement":[{"@type":"ListItem","position":1,"name":"Startseite","item":"https:\/\/dina-untersee.ch\/wp\/"},{"@type":"ListItem","position":2,"name":"Angebote","item":"https:\/\/dina-untersee.ch\/wp\/angebote-infos-hundefotografie\/"},{"@type":"ListItem","position":3,"name":"Gutscheine"}]},{"@type":"WebSite","@id":"https:\/\/dina-untersee.ch\/wp\/#website","url":"https:\/\/dina-untersee.ch\/wp\/","name":"Hundefotografie Schweiz | Dina Untersee Photography | Ausdrucksstarke Hundefotografie in der Schweiz","description":"Emotionale Hundefotografie in der Schweiz. Mein Name ist Dina und ich bin Hundefotografin im St. Galler Rheintal. Ich halte deinen Hund in einzigartigen Bildern f\u00fcr die Ewigkeit fest.","publisher":{"@id":"https:\/\/dina-untersee.ch\/wp\/#\/schema\/person\/ba75bd38be6d756b47f6f817188e995e"},"potentialAction":[{"@type":"SearchAction","target":{"@type":"EntryPoint","urlTemplate":"https:\/\/dina-untersee.ch\/wp\/?s={search_term_string}"},"query-input":{"@type":"PropertyValueSpecification","valueRequired":true,"valueName":"search_term_string"}}],"inLanguage":"de-CH"},{"@type":["Person","Organization"],"@id":"https:\/\/dina-untersee.ch\/wp\/#\/schema\/person\/ba75bd38be6d756b47f6f817188e995e","name":"Dina Untersee","image":{"@type":"ImageObject","inLanguage":"de-CH","@id":"https:\/\/dina-untersee.ch\/wp\/wp-content\/uploads\/2022\/06\/cropped-Websitelogoweiss.png","url":"https:\/\/dina-untersee.ch\/wp\/wp-content\/uploads\/2022\/06\/cropped-Websitelogoweiss.png","contentUrl":"https:\/\/dina-untersee.ch\/wp\/wp-content\/uploads\/2022\/06\/cropped-Websitelogoweiss.png","width":250,"height":250,"caption":"Dina Untersee"},"logo":{"@id":"https:\/\/dina-untersee.ch\/wp\/wp-content\/uploads\/2022\/06\/cropped-Websitelogoweiss.png"},"sameAs":["http:\/\/dina-untersee.ch","https:\/\/www.facebook.com\/profile.php?id=100082437108451","https:\/\/www.instagram.com\/billabong_stars\/"]}]}},"rttpg_featured_image_url":null,"rttpg_author":{"display_name":"Dina Untersee","author_link":"https:\/\/dina-untersee.ch\/wp\/author\/dina_untersee\/"},"rttpg_comment":0,"rttpg_category":null,"rttpg_excerpt":"Du bist auf der Suche nach einem passenden Geschenk f\u00fcr einen Hundefreund? Selbstverst\u00e4ndlich erh\u00e4lst du bei mir Gutscheine f\u00fcr ein Hunde-PhotoShooting oder einen bestimmten Wert deiner Wahl. Ich freue michContinue reading...Gutscheine","_links":{"self":[{"href":"https:\/\/dina-untersee.ch\/wp\/wp-json\/wp\/v2\/pages\/165","targetHints":{"allow":["GET"]}}],"collection":[{"href":"https:\/\/dina-untersee.ch\/wp\/wp-json\/wp\/v2\/pages"}],"about":[{"href":"https:\/\/dina-untersee.ch\/wp\/wp-json\/wp\/v2\/types\/page"}],"author":[{"embeddable":true,"href":"https:\/\/dina-untersee.ch\/wp\/wp-json\/wp\/v2\/users\/2"}],"replies":[{"embeddable":true,"href":"https:\/\/dina-untersee.ch\/wp\/wp-json\/wp\/v2\/comments?post=165"}],"version-history":[{"count":15,"href":"https:\/\/dina-untersee.ch\/wp\/wp-json\/wp\/v2\/pages\/165\/revisions"}],"predecessor-version":[{"id":2163,"href":"https:\/\/dina-untersee.ch\/wp\/wp-json\/wp\/v2\/pages\/165\/revisions\/2163"}],"up":[{"embeddable":true,"href":"https:\/\/dina-untersee.ch\/wp\/wp-json\/wp\/v2\/pages\/45"}],"wp:attachment":[{"href":"https:\/\/dina-untersee.ch\/wp\/wp-json\/wp\/v2\/media?parent=165"}],"curies":[{"name":"wp","href":"https:\/\/api.w.org\/{rel}","templated":true}]}}